{"id":2,"date":"2017-01-26T11:55:36","date_gmt":"2017-01-26T11:55:36","guid":{"rendered":"http:\/\/www.mauricedray.fr\/?page_id=2"},"modified":"2017-02-13T11:31:08","modified_gmt":"2017-02-13T11:31:08","slug":"about","status":"publish","type":"page","link":"https:\/\/www.mauricedray.fr\/?page_id=2","title":{"rendered":""},"content":{"rendered":"<p>On me demande souvent s\u2019il existe un secret pour r\u00e9aliser une belle photographie. J\u2019ignore si c\u2019est un don, un art ou s\u2019il faut avoir \u00ab l\u2019\u0153il \u00bb. Personnellement, je n\u2019ai jamais su quoi r\u00e9pondre. Sans doute parce que la photographie a toujours \u00e9t\u00e9 pour moi une passion et une \u00e9vidence.<\/p>\n<p>C\u2019est aussi une histoire humaine. Aller \u00e0 la rencontre de l\u2019autre, saisir les instants de bonheur, les \u00e9motions spontan\u00e9es, sont tout autant de raisons qui me motivent pour faire des moments importants de votre existence, des <strong>instants uniques et inoubliables<\/strong>.<\/p>\n<p>Pourquoi faire appel \u00e0 moi ?<\/p>\n<p>Parce qu\u2019\u00eatre <strong>photographe-vid\u00e9aste<\/strong> ne s\u2019improvise pas. Et encore moins lorsqu\u2019il s\u2019agit de photographier des \u00e9v\u00e8nements importants.<\/p>\n<p>Depuis plus de vingt ans, je d\u00e9ploie mon talent pour fixer et immortaliser les moments qui comptent dans votre vie. Pour cela, je dispose du mat\u00e9riel technologique n\u00e9cessaire pour couvrir l\u2019occasion et \u00eatre capable, ensuite, de vous livrer de qui sera l\u2019une des plus importantes collections d\u2019images relatives \u00e0 l\u2019\u00e9v\u00e8nement.<\/p>\n<p><strong>Discret mais pr\u00e9sent<\/strong>, je reste cependant \u00e0 votre \u00e9coute. Ensemble, nous d\u00e9finissons vos attentes. Car mon objectif tout au long du reportage et des s\u00e9ances photos, reste le v\u00f4tre : celui de capter l\u2019\u00e9motion du moment afin de vous en restituer l\u2019essence et l\u2019essentiel.<\/p>\n<p>Faire appel \u00e0 moi, c\u2019est avoir l\u2019assurance d\u2019obtenir un <strong>travail de qualit\u00e9<\/strong> <strong>professionnel<\/strong> dans une bonne ambiance .<\/p>\n<p>La preuve ?<\/p>\n<p>N\u2019h\u00e9sitez pas \u00e0 visiter mon site.<br \/>\nParfois, <strong>une photo ou une vid\u00e9o vaut mieux que des mots\u2026<\/strong><\/p>\n","protected":false},"excerpt":{"rendered":"<div class=\"entry-more-cont\"><div class=\"entry-more\"><a class=\"hvr\" href=\"https:\/\/www.mauricedray.fr\/?page_id=2\">En Plus...<\/a><\/div><\/div>","protected":false},"author":1,"featured_media":0,"parent":0,"menu_order":0,"comment_status":"open","ping_status":"closed","template":"","meta":{"footnotes":""},"class_list":["post-2","page","type-page","status-publish","hentry"],"_links":{"self":[{"href":"https:\/\/www.mauricedray.fr\/index.php?rest_route=\/wp\/v2\/pages\/2","targetHints":{"allow":["GET"]}}],"collection":[{"href":"https:\/\/www.mauricedray.fr\/index.php?rest_route=\/wp\/v2\/pages"}],"about":[{"href":"https:\/\/www.mauricedray.fr\/index.php?rest_route=\/wp\/v2\/types\/page"}],"author":[{"embeddable":true,"href":"https:\/\/www.mauricedray.fr\/index.php?rest_route=\/wp\/v2\/users\/1"}],"replies":[{"embeddable":true,"href":"https:\/\/www.mauricedray.fr\/index.php?rest_route=%2Fwp%2Fv2%2Fcomments&post=2"}],"version-history":[{"count":15,"href":"https:\/\/www.mauricedray.fr\/index.php?rest_route=\/wp\/v2\/pages\/2\/revisions"}],"predecessor-version":[{"id":407,"href":"https:\/\/www.mauricedray.fr\/index.php?rest_route=\/wp\/v2\/pages\/2\/revisions\/407"}],"wp:attachment":[{"href":"https:\/\/www.mauricedray.fr\/index.php?rest_route=%2Fwp%2Fv2%2Fmedia&parent=2"}],"curies":[{"name":"wp","href":"https:\/\/api.w.org\/{rel}","templated":true}]}}